{"id":31197,"date":"2023-10-14T11:01:32","date_gmt":"2023-10-14T11:01:32","guid":{"rendered":"https:\/\/crearte.studio\/politica-de-reembolsos-y-devoluciones\/"},"modified":"2023-10-26T19:56:21","modified_gmt":"2023-10-26T19:56:21","slug":"politica-de-reembolsos-y-devoluciones","status":"publish","type":"page","link":"https:\/\/crearte.studio\/es\/politica-de-reembolsos-y-devoluciones\/","title":{"rendered":"t\u00e9rminos y condiciones"},"content":{"rendered":"<p>[et_pb_section fb_built=\u00bb1&#8243; admin_label=\u00bbSection\u00bb _builder_version=\u00bb4.18.0&#8243; background_color=\u00bb#FFFFFF\u00bb custom_padding=\u00bb31px|0px|31px|0px|true|\u00bb global_colors_info=\u00bb{}\u00bb][et_pb_row admin_label=\u00bbfila\u00bb _builder_version=\u00bb4.16&#8243; background_size=\u00bbinitial\u00bb background_position=\u00bbtop_left\u00bb background_repeat=\u00bbrepeat\u00bb custom_padding=\u00bb27px|0px|0px|0px\u00bb global_colors_info=\u00bb{}\u00bb][et_pb_column type=\u00bb4_4&#8243; _builder_version=\u00bb4.16&#8243; custom_padding=\u00bb|||\u00bb global_colors_info=\u00bb{}\u00bb custom_padding__hover=\u00bb|||\u00bb][et_pb_text admin_label=\u00bbText\u00bb _builder_version=\u00bb4.23&#8243; header_font=\u00bb|600||on|||||\u00bb header_text_color=\u00bb#BF368F\u00bb header_font_size=\u00bb32px\u00bb header_3_text_color=\u00bb#252323&#8243; background_size=\u00bbinitial\u00bb background_position=\u00bbtop_left\u00bb background_repeat=\u00bbrepeat\u00bb text_orientation=\u00bbcenter\u00bb background_layout=\u00bbdark\u00bb module_alignment=\u00bbcenter\u00bb global_colors_info=\u00bb{}\u00bb]<\/p>\n<h1 style=\"text-align: center;\">t\u00e9rminos y condiciones<\/h1>\n<p>[\/et_pb_text][et_pb_text _builder_version=\u00bb4.23&#8243; _module_preset=\u00bbdefault\u00bb header_text_align=\u00bbcenter\u00bb header_text_color=\u00bb#e1be6a\u00bb header_font_size=\u00bb35px\u00bb header_2_text_align=\u00bbcenter\u00bb header_2_text_color=\u00bb#e1be6a\u00bb header_3_text_align=\u00bbcenter\u00bb header_3_text_color=\u00bb#D5A93D\u00bb header_4_font_size=\u00bb20px\u00bb header_4_line_height=\u00bb1.4em\u00bb custom_margin=\u00bb||-13px|||\u00bb custom_padding=\u00bb||22px|||\u00bb global_colors_info=\u00bb{}\u00bb]<\/p>\n<h2>CreArte Studio<\/h2>\n<p>[\/et_pb_text][\/et_pb_column][\/et_pb_row][\/et_pb_section][et_pb_section fb_built=\u00bb1&#8243; admin_label=\u00bbSection\u00bb _builder_version=\u00bb4.23&#8243; background_color=\u00bbrgba(242,189,29,0.09)\u00bb custom_padding=\u00bb26px|0px|64px|0px|false|\u00bb global_colors_info=\u00bb{}\u00bb][et_pb_row admin_label=\u00bbfila\u00bb _builder_version=\u00bb4.16&#8243; background_size=\u00bbinitial\u00bb background_position=\u00bbtop_left\u00bb background_repeat=\u00bbrepeat\u00bb custom_padding=\u00bb27px|0px|0px|0px\u00bb global_colors_info=\u00bb{}\u00bb][et_pb_column type=\u00bb4_4&#8243; _builder_version=\u00bb4.16&#8243; custom_padding=\u00bb|||\u00bb global_colors_info=\u00bb{}\u00bb custom_padding__hover=\u00bb|||\u00bb][et_pb_text admin_label=\u00bbText\u00bb _builder_version=\u00bb4.23&#8243; header_font=\u00bb|600||on|||||\u00bb header_text_color=\u00bb#BF368F\u00bb header_font_size=\u00bb32px\u00bb header_2_font=\u00bb|600||on|||||\u00bb header_2_text_color=\u00bb#BF368F\u00bb header_3_text_color=\u00bb#252323&#8243; background_size=\u00bbinitial\u00bb background_position=\u00bbtop_left\u00bb background_repeat=\u00bbrepeat\u00bb text_orientation=\u00bbcenter\u00bb background_layout=\u00bbdark\u00bb module_alignment=\u00bbcenter\u00bb header_2_font_size_tablet=\u00bb\u00bb header_2_font_size_phone=\u00bb24px\u00bb header_2_font_size_last_edited=\u00bbon|phone\u00bb global_colors_info=\u00bb{}\u00bb]<\/p>\n<h2 style=\"text-align: center;\">pol\u00edtica de reembolsos y devoluciones<\/h2>\n<p>[\/et_pb_text][et_pb_text _builder_version=\u00bb4.22.2&#8243; _module_preset=\u00bbdefault\u00bb header_text_align=\u00bbcenter\u00bb header_text_color=\u00bb#e1be6a\u00bb header_font_size=\u00bb35px\u00bb header_2_text_align=\u00bbcenter\u00bb header_2_text_color=\u00bb#e1be6a\u00bb header_3_text_align=\u00bbcenter\u00bb header_3_text_color=\u00bb#D5A93D\u00bb header_4_font_size=\u00bb20px\u00bb header_4_line_height=\u00bb1.4em\u00bb custom_margin=\u00bb||-13px|||\u00bb custom_padding=\u00bb||22px|||\u00bb global_colors_info=\u00bb{}\u00bb]<\/p>\n<h2>para art\u00edculos en la tienda CreArte Studio<\/h2>\n<p>[\/et_pb_text][et_pb_text _builder_version=\u00bb4.22.2&#8243; _module_preset=\u00bbdefault\u00bb custom_padding=\u00bb29px||61px|||\u00bb global_colors_info=\u00bb{}\u00bb]<\/p>\n<p>Esta pol\u00edtica de reembolso y devoluci\u00f3n es aplicable a los art\u00edculos descargables de la tienda de <a href=\"http:\/\/wcrearte.studio\">https:\/\/crearte.studio<\/a>. Pueden ser dise\u00f1os digitales personalizables o personalizados por CreArte Studio a petici\u00f3n del cliente.<\/p>\n<p>&nbsp;<\/p>\n<p><strong>Las descargas instant\u00e1neas son definitivas y no se pueden devolver ni cancelar; <\/strong><\/p>\n<p>Nuestro objetivo es su completa satisfacci\u00f3n con nuestras plantillas y dise\u00f1os, y si algo sale mal inesperadamente, estamos dispuestos a ayudarle; No dude en ponerse en contacto con nosotros en <a href=\"mailto:shop@crearte.studio\" target=\"_blank\" rel=\"noopener\">shop@crearte.studio<\/a>.<\/p>\n<p>Dado que nuestros productos son totalmente digitales, no podemos tramitar devoluciones una vez activado el enlace de descarga; No obstante, si a\u00fan no ha utilizado el enlace de descarga, puede solicitar el reembolso en <a href=\"mailto:shop@crearte.studio\" target=\"_blank\" rel=\"noopener\">shop@crearte.studio<\/a> en un plazo de 14 d\u00edas tras la compra;<\/p>\n<p>&nbsp;<\/p>\n<p><strong>Descargar un art\u00edculo digital<\/strong><\/p>\n<p>Los art\u00edculos digitales se dividen en dos categor\u00edas:<\/p>\n<p><strong>&#8211; Descargas instant\u00e1neas:<\/strong> Listo para usar en cuanto se confirme su pago; Si ha pagado a trav\u00e9s de <a href=\"http:\/\/wcrearte.studio\">https:\/\/crearte.studio<\/a> con PayPal o tarjeta de cr\u00e9dito, es posible que el enlace de descarga tarde unos minutos en llegarle;<\/p>\n<p><strong>&#8211; Descargas personalizadas:<\/strong> Art\u00edculos digitales creados espec\u00edficamente para usted seg\u00fan sus especificaciones; Le enviaremos estos archivos en cuanto est\u00e9n listos, y el plazo de entrega se acordar\u00e1 con usted;<\/p>\n<p>&nbsp;<\/p>\n<p><strong>No encuentro mi correo electr\u00f3nico de notificaci\u00f3n de descarga<\/strong><\/p>\n<p>Si no encuentra su correo electr\u00f3nico de notificaci\u00f3n de descarga, compruebe primero su carpeta de correo no deseado; Para los usuarios de Gmail, comprueba tambi\u00e9n las pesta\u00f1as \u00abSocial\u00bb y \u00abPublicidad\u00bb; Si el correo electr\u00f3nico sigue sin aparecer, a\u00f1ade <a href=\"mailto:shop@crearte.studio\" target=\"_blank\" rel=\"noopener\">shop@crearte.studio<\/a> a su libreta de direcciones o lista segura para facilitar el seguimiento de futuros correos electr\u00f3nicos;<\/p>\n<p>&nbsp;<\/p>\n<p><strong>No consigo descargar mis archivos;<\/strong><\/p>\n<p>Si tiene problemas para descargar los archivos, puede deberse a su navegador web; Desactiva todos los complementos no est\u00e1ndar, incluidos los bloqueadores de anuncios y las barras de herramientas instaladas, e int\u00e9ntalo de nuevo; Si tu ordenador indica que el archivo est\u00e1 da\u00f1ado, elim\u00ednalo y desc\u00e1rgalo de nuevo; Si el archivo sigue sin poder abrirse, p\u00f3ngase en contacto con nosotros en <a href=\"mailto:shop@crearte.studio\" target=\"_blank\" rel=\"noopener\">shop@crearte.studio<\/a>.<\/p>\n<p>&nbsp;<\/p>\n<p><strong>\u00bfCu\u00e1ndo recibir\u00e9 mi art\u00edculo digital hecho a medida? <\/strong><\/p>\n<p>El plazo de entrega de los art\u00edculos digitales por encargo var\u00eda en funci\u00f3n del pedido concreto; Una vez aclarado el pedido, estableceremos un plazo de tramitaci\u00f3n y le informaremos del tiempo estimado para su finalizaci\u00f3n; Una vez que su pedido est\u00e9 listo, recibir\u00e1 un correo electr\u00f3nico con un enlace para descargar su archivo digital; <\/p>\n<p>[\/et_pb_text][\/et_pb_column][\/et_pb_row][et_pb_row admin_label=\u00bbfila\u00bb _builder_version=\u00bb4.16&#8243; background_size=\u00bbinitial\u00bb background_position=\u00bbtop_left\u00bb background_repeat=\u00bbrepeat\u00bb custom_padding=\u00bb34px|0px|0px|0px||\u00bb hover_enabled=\u00bb0&#8243; global_colors_info=\u00bb{}\u00bb sticky_enabled=\u00bb0&#8243;][et_pb_column type=\u00bb4_4&#8243; _builder_version=\u00bb4.16&#8243; custom_padding=\u00bb|||\u00bb global_colors_info=\u00bb{}\u00bb custom_padding__hover=\u00bb|||\u00bb][et_pb_text admin_label=\u00bbText\u00bb _builder_version=\u00bb4.23&#8243; header_font=\u00bb|600||on|||||\u00bb header_text_color=\u00bb#BF368F\u00bb header_font_size=\u00bb32px\u00bb header_2_font=\u00bb|600||on|||||\u00bb header_2_text_color=\u00bb#BF368F\u00bb header_3_text_color=\u00bb#252323&#8243; background_size=\u00bbinitial\u00bb background_position=\u00bbtop_left\u00bb background_repeat=\u00bbrepeat\u00bb text_orientation=\u00bbcenter\u00bb background_layout=\u00bbdark\u00bb module_alignment=\u00bbcenter\u00bb header_2_font_size_tablet=\u00bb\u00bb header_2_font_size_phone=\u00bb24px\u00bb header_2_font_size_last_edited=\u00bbon|phone\u00bb global_colors_info=\u00bb{}\u00bb]<\/p>\n<h2 style=\"text-align: center;\">pol\u00edtica de env\u00edos<\/h2>\n<p>[\/et_pb_text][et_pb_text _builder_version=\u00bb4.22.2&#8243; _module_preset=\u00bbdefault\u00bb header_text_align=\u00bbcenter\u00bb header_text_color=\u00bb#e1be6a\u00bb header_font_size=\u00bb35px\u00bb header_2_text_align=\u00bbcenter\u00bb header_2_text_color=\u00bb#e1be6a\u00bb header_3_text_align=\u00bbcenter\u00bb header_3_text_color=\u00bb#D5A93D\u00bb header_4_font_size=\u00bb20px\u00bb header_4_line_height=\u00bb1.4em\u00bb custom_margin=\u00bb||-13px|||\u00bb custom_padding=\u00bb||22px|||\u00bb global_colors_info=\u00bb{}\u00bb]<\/p>\n<h2>para art\u00edculos en la tienda CreArte Studio<\/h2>\n<p>[\/et_pb_text][et_pb_text _builder_version=\u00bb4.22.2&#8243; _module_preset=\u00bbdefault\u00bb custom_padding=\u00bb29px|||||\u00bb global_colors_info=\u00bb{}\u00bb]<\/p>\n<p>Actualmente, la tienda CreArte Studio s\u00f3lo ofrece productos digitales. Los productos descargables directamente de esta tienda se entregar\u00e1n al cliente por correo electr\u00f3nico en un plazo m\u00e1ximo de 24 horas. Los productos digitales personalizados por CreArte Studio a petici\u00f3n del cliente se entregar\u00e1n por correo electr\u00f3nico a una hora determinada en consulta con el cliente.<\/p>\n<p>[\/et_pb_text][\/et_pb_column][\/et_pb_row][et_pb_row admin_label=\u00bbfila\u00bb _builder_version=\u00bb4.16&#8243; background_size=\u00bbinitial\u00bb background_position=\u00bbtop_left\u00bb background_repeat=\u00bbrepeat\u00bb custom_padding=\u00bb64px|0px|0px|0px||\u00bb hover_enabled=\u00bb0&#8243; global_colors_info=\u00bb{}\u00bb sticky_enabled=\u00bb0&#8243;][et_pb_column type=\u00bb4_4&#8243; _builder_version=\u00bb4.16&#8243; custom_padding=\u00bb|||\u00bb global_colors_info=\u00bb{}\u00bb custom_padding__hover=\u00bb|||\u00bb][et_pb_text admin_label=\u00bbText\u00bb _builder_version=\u00bb4.23&#8243; header_font=\u00bb|600||on|||||\u00bb header_text_color=\u00bb#BF368F\u00bb header_font_size=\u00bb32px\u00bb header_2_font=\u00bb|600||on|||||\u00bb header_2_text_color=\u00bb#BF368F\u00bb header_3_text_color=\u00bb#252323&#8243; background_size=\u00bbinitial\u00bb background_position=\u00bbtop_left\u00bb background_repeat=\u00bbrepeat\u00bb text_orientation=\u00bbcenter\u00bb background_layout=\u00bbdark\u00bb module_alignment=\u00bbcenter\u00bb hover_enabled=\u00bb0&#8243; header_2_font_size_tablet=\u00bb\u00bb header_2_font_size_phone=\u00bb24px\u00bb header_2_font_size_last_edited=\u00bbon|phone\u00bb global_colors_info=\u00bb{}\u00bb sticky_enabled=\u00bb0&#8243;]<\/p>\n<h2 style=\"text-align: center;\">pol\u00edtica de precios<\/h2>\n<p>[\/et_pb_text][et_pb_text _builder_version=\u00bb4.23&#8243; _module_preset=\u00bbdefault\u00bb header_text_align=\u00bbcenter\u00bb header_text_color=\u00bb#e1be6a\u00bb header_font_size=\u00bb35px\u00bb header_2_text_align=\u00bbcenter\u00bb header_2_text_color=\u00bb#e1be6a\u00bb header_3_text_align=\u00bbcenter\u00bb header_3_text_color=\u00bb#D5A93D\u00bb header_4_font_size=\u00bb20px\u00bb header_4_line_height=\u00bb1.4em\u00bb custom_margin=\u00bb||-13px|||\u00bb custom_padding=\u00bb||22px|||\u00bb hover_enabled=\u00bb0&#8243; global_colors_info=\u00bb{}\u00bb sticky_enabled=\u00bb0&#8243;]<\/p>\n<h2>todos los precios en el sitio web de CreArte Studio<\/h2>\n<p>[\/et_pb_text][et_pb_text _builder_version=\u00bb4.23&#8243; _module_preset=\u00bbdefault\u00bb custom_padding=\u00bb29px|||||\u00bb hover_enabled=\u00bb0&#8243; global_colors_info=\u00bb{}\u00bb sticky_enabled=\u00bb0&#8243;]<\/p>\n<p>Todos los precios mencionados en <a href=\"https:\/\/crearte.studio\/es\/\">https:\/\/crearte.studio<\/a> incluyen el IVA. <\/p>\n<p>[\/et_pb_text][\/et_pb_column][\/et_pb_row][\/et_pb_section][et_pb_section fb_built=\u00bb1&#8243; custom_padding_last_edited=\u00bbon|phone\u00bb _builder_version=\u00bb4.22.0&#8243; _module_preset=\u00bbdefault\u00bb use_background_color_gradient=\u00bbon\u00bb background_color_gradient_stops=\u00bbrgba(10,9,9,0.51) 0%|rgba(10,9,9,0.47) 100%\u00bb background_color_gradient_overlays_image=\u00bbon\u00bb background_image=\u00bbhttps:\/\/crearte.studio\/wp-content\/uploads\/2022\/11\/Untitled-design.png\u00bb parallax=\u00bbon\u00bb custom_padding=\u00bb3%|0px|3%|0px|true|false\u00bb custom_padding_tablet=\u00bb3%|0px|3%|0px|true|false\u00bb custom_padding_phone=\u00bb15%||15%||false|false\u00bb global_colors_info=\u00bb{}\u00bb][et_pb_row column_structure=\u00bb1_5,3_5,1_5&#8243; custom_padding_last_edited=\u00bbon|phone\u00bb admin_label=\u00bb\u00c1rea de opci\u00f3n a email\u00bb _builder_version=\u00bb4.22.0&#8243; custom_margin=\u00bb||||false|false\u00bb custom_margin_tablet=\u00bb\u00bb custom_margin_phone=\u00bb||||false|false\u00bb custom_margin_last_edited=\u00bbon|phone\u00bb custom_padding=\u00bb0px||0px|\u00bb custom_padding_tablet=\u00bb\u00bb custom_padding_phone=\u00bb0%||0%||true|false\u00bb locked=\u00bboff\u00bb global_colors_info=\u00bb{}\u00bb][et_pb_column type=\u00bb1_5&#8243; _builder_version=\u00bb4.16&#8243; custom_padding=\u00bb|||\u00bb global_colors_info=\u00bb{}\u00bb custom_padding__hover=\u00bb|||\u00bb][\/et_pb_column][et_pb_column type=\u00bb3_5&#8243; _builder_version=\u00bb4.16&#8243; custom_padding=\u00bb|||\u00bb global_colors_info=\u00bb{}\u00bb custom_padding__hover=\u00bb|||\u00bb][et_pb_text _builder_version=\u00bb4.21.0&#8243; _module_preset=\u00bbdefault\u00bb text_text_color=\u00bb#ffffff\u00bb header_text_color=\u00bb#252323&#8243; header_2_text_color=\u00bb#252323&#8243; header_3_text_color=\u00bb#ffffff\u00bb header_4_text_color=\u00bb#E1BE6A\u00bb header_4_font_size=\u00bb29px\u00bb custom_margin=\u00bb|-63px||-63px||true\u00bb custom_margin_tablet=\u00bb|-63px||-63px||true\u00bb custom_margin_phone=\u00bb|0px||0px|false|true\u00bb custom_margin_last_edited=\u00bbon|phone\u00bb custom_padding=\u00bb5%||||false|false\u00bb header_font_size_tablet=\u00bb\u00bb header_font_size_phone=\u00bb25px\u00bb header_font_size_last_edited=\u00bbon|phone\u00bb header_2_font_size_tablet=\u00bb\u00bb header_2_font_size_phone=\u00bb23px\u00bb header_2_font_size_last_edited=\u00bbon|phone\u00bb locked=\u00bboff\u00bb global_colors_info=\u00bb{}\u00bb]<\/p>\n<h4 style=\"text-align: center;\">\u00a1Nos encantar\u00eda conocer tus ideas y crearlas juntos!<\/h4>\n<h3 style=\"text-align: center;\"><\/h3>\n<h3 style=\"text-align: center;\"><\/h3>\n<h4 style=\"text-align: center;\">Contacta con nosotros<\/h4>\n<p>[\/et_pb_text][et_pb_blurb title=\u00bbHaga clic aqu\u00ed para enviarnos un correo electr\u00f3nico\u00bb url=\u00bbmailto:natalie@crearte.studio\u00bb url_new_window=\u00bbon\u00bb use_icon=\u00bbon\u00bb font_icon=\u00bb&#xe076;||divi||400&#8243; icon_color=\u00bb#BF368F\u00bb image_icon_background_color=\u00bb#ffffff\u00bb image_icon_width=\u00bb48px\u00bb admin_label=\u00bbBlurb\u00bb _builder_version=\u00bb4.21.0&#8243; background_size=\u00bbinitial\u00bb background_position=\u00bbtop_left\u00bb background_repeat=\u00bbrepeat\u00bb image_icon_custom_padding=\u00bb25px|25px|25px|25px|false|false\u00bb text_orientation=\u00bbcenter\u00bb background_layout=\u00bbdark\u00bb custom_padding_tablet=\u00bb\u00bb custom_padding_phone=\u00bb||5%||false|false\u00bb custom_padding_last_edited=\u00bbon|phone\u00bb border_radii_image=\u00bbon|100%|100%|100%|100%\u00bb use_border_color=\u00bboff\u00bb border_color=\u00bb#ffffff\u00bb border_width=\u00bb1px\u00bb border_style=\u00bbsolid\u00bb use_circle=\u00bbon\u00bb circle_color=\u00bb#ffffff\u00bb locked=\u00bboff\u00bb global_colors_info=\u00bb{}\u00bb image_icon_background_color__sticky_enabled=\u00bb#e1be6a\u00bb image_icon_background_color__sticky=\u00bb#e1be6a\u00bb][\/et_pb_blurb][\/et_pb_column][et_pb_column type=\u00bb1_5&#8243; _builder_version=\u00bb4.16&#8243; custom_padding=\u00bb|||\u00bb global_colors_info=\u00bb{}\u00bb custom_padding__hover=\u00bb|||\u00bb][\/et_pb_column][\/et_pb_row][\/et_pb_section][et_pb_section fb_built=\u00bb1&#8243; _builder_version=\u00bb4.21.0&#8243; _module_preset=\u00bbdefault\u00bb background_color=\u00bb#FFFFFF\u00bb custom_padding=\u00bb44px|||||\u00bb global_module=\u00bb25540&#8243; saved_tabs=\u00bball\u00bb global_colors_info=\u00bb{}\u00bb][et_pb_row _builder_version=\u00bb4.16&#8243; _module_preset=\u00bbdefault\u00bb global_colors_info=\u00bb{}\u00bb][et_pb_column type=\u00bb4_4&#8243; _builder_version=\u00bb4.16&#8243; _module_preset=\u00bbdefault\u00bb global_colors_info=\u00bb{}\u00bb][et_pb_image src=\u00bbhttps:\/\/crearte.studio\/wp-content\/uploads\/2023\/05\/Crearte_Studio_logo_final_light_gold_transp-02-02.png\u00bb title_text=\u00bbCrearte_Studio_logo_final_light_gold_transp-02-02&#8243; align=\u00bbcenter\u00bb _builder_version=\u00bb4.21.0&#8243; _module_preset=\u00bbdefault\u00bb width=\u00bb49%\u00bb width_tablet=\u00bb87%\u00bb width_phone=\u00bb80%\u00bb width_last_edited=\u00bbon|phone\u00bb custom_margin=\u00bb||5px|||\u00bb custom_padding=\u00bb0px|||||\u00bb global_colors_info=\u00bb{}\u00bb][\/et_pb_image][et_pb_text _builder_version=\u00bb4.22.0&#8243; _module_preset=\u00bbdefault\u00bb text_font=\u00bbLato|300|||||||\u00bb text_text_color=\u00bb#d5a93d\u00bb text_font_size=\u00bb26px\u00bb text_orientation=\u00bbcenter\u00bb text_font_size_tablet=\u00bb\u00bb text_font_size_phone=\u00bb14px\u00bb text_font_size_last_edited=\u00bbon|phone\u00bb global_colors_info=\u00bb{}\u00bb]<\/p>\n<p>Dise\u00f1o web \u2022 Marketing en l\u00ednea \u2022 Consultor\u00eda<\/p>\n<p>[\/et_pb_text][\/et_pb_column][\/et_pb_row][\/et_pb_section]<\/p>\n","protected":false},"excerpt":{"rendered":"<p>t\u00e9rminos y condicionesCreArte Studiopol\u00edtica de reembolsos y devolucionespara art\u00edculos en la tienda CreArte Studio Esta pol\u00edtica de reembolso y devoluci\u00f3n es aplicable a los art\u00edculos descargables de la tienda de https:\/\/crearte.studio. Pueden ser dise\u00f1os digitales personalizables o personalizados por CreArte Studio a petici\u00f3n del cliente. &nbsp; Las descargas instant\u00e1neas son definitivas y no se pueden devolver ni cancelar; Nuestro objetivo es su completa satisfacci\u00f3n con nuestras plantillas y dise\u00f1os, y si algo sale mal inesperadamente, estamos dispuestos a ayudarle; No dude en ponerse en contacto con nosotros en shop@crearte.studio. Dado que nuestros productos son totalmente digitales, no podemos tramitar devoluciones una vez activado el enlace de descarga; No obstante, si a\u00fan no ha utilizado el enlace de descarga, puede solicitar el reembolso en shop@crearte.studio en un plazo de 14 d\u00edas tras la compra; &nbsp; Descargar un art\u00edculo digital Los art\u00edculos digitales se dividen en dos categor\u00edas: &#8211; Descargas instant\u00e1neas: Listo para usar en cuanto se confirme su pago; Si ha pagado a trav\u00e9s de https:\/\/crearte.studio con PayPal o tarjeta de cr\u00e9dito, es posible que el enlace de descarga tarde unos minutos en llegarle; &#8211; Descargas personalizadas: Art\u00edculos digitales creados espec\u00edficamente para usted seg\u00fan sus especificaciones; Le enviaremos estos archivos en [&hellip;]<\/p>\n","protected":false},"author":1,"featured_media":0,"parent":0,"menu_order":0,"comment_status":"closed","ping_status":"closed","template":"","meta":{"_acf_changed":false,"_et_pb_use_builder":"on","_et_pb_old_content":"","_et_gb_content_width":"","footnotes":""},"class_list":["post-31197","page","type-page","status-publish","hentry"],"acf":[],"_links":{"self":[{"href":"https:\/\/crearte.studio\/es\/wp-json\/wp\/v2\/pages\/31197","targetHints":{"allow":["GET"]}}],"collection":[{"href":"https:\/\/crearte.studio\/es\/wp-json\/wp\/v2\/pages"}],"about":[{"href":"https:\/\/crearte.studio\/es\/wp-json\/wp\/v2\/types\/page"}],"author":[{"embeddable":true,"href":"https:\/\/crearte.studio\/es\/wp-json\/wp\/v2\/users\/1"}],"replies":[{"embeddable":true,"href":"https:\/\/crearte.studio\/es\/wp-json\/wp\/v2\/comments?post=31197"}],"version-history":[{"count":0,"href":"https:\/\/crearte.studio\/es\/wp-json\/wp\/v2\/pages\/31197\/revisions"}],"wp:attachment":[{"href":"https:\/\/crearte.studio\/es\/wp-json\/wp\/v2\/media?parent=31197"}],"curies":[{"name":"wp","href":"https:\/\/api.w.org\/{rel}","templated":true}]}}