{"id":31210,"date":"2023-10-14T12:42:00","date_gmt":"2023-10-14T12:42:00","guid":{"rendered":"https:\/\/crearte.studio\/politica-de-envios\/"},"modified":"2023-10-14T20:03:36","modified_gmt":"2023-10-14T20:03:36","slug":"politica-de-envios","status":"publish","type":"page","link":"https:\/\/crearte.studio\/es\/politica-de-envios\/","title":{"rendered":"pol\u00edtica de env\u00edos"},"content":{"rendered":"<p>[et_pb_section fb_built=\u00bb1&#8243; admin_label=\u00bbSection\u00bb _builder_version=\u00bb4.18.0&#8243; background_color=\u00bb#FFFFFF\u00bb custom_padding=\u00bb31px|0px|31px|0px|true|\u00bb global_colors_info=\u00bb{}\u00bb][et_pb_row admin_label=\u00bbfila\u00bb _builder_version=\u00bb4.16&#8243; background_size=\u00bbinitial\u00bb background_position=\u00bbtop_left\u00bb background_repeat=\u00bbrepeat\u00bb custom_padding=\u00bb27px|0px|0px|0px\u00bb global_colors_info=\u00bb{}\u00bb][et_pb_column type=\u00bb4_4&#8243; _builder_version=\u00bb4.16&#8243; custom_padding=\u00bb|||\u00bb global_colors_info=\u00bb{}\u00bb custom_padding__hover=\u00bb|||\u00bb][et_pb_text admin_label=\u00bbText\u00bb _builder_version=\u00bb4.22.2&#8243; header_font=\u00bb|600||on|||||\u00bb header_text_color=\u00bb#BF368F\u00bb header_font_size=\u00bb32px\u00bb header_3_text_color=\u00bb#252323&#8243; background_size=\u00bbinitial\u00bb background_position=\u00bbtop_left\u00bb background_repeat=\u00bbrepeat\u00bb text_orientation=\u00bbcenter\u00bb background_layout=\u00bbdark\u00bb module_alignment=\u00bbcenter\u00bb global_colors_info=\u00bb{}\u00bb]<\/p>\n<h1 style=\"text-align: center;\">pol\u00edtica de env\u00edos<\/h1>\n<p>[\/et_pb_text][et_pb_text _builder_version=\u00bb4.22.2&#8243; _module_preset=\u00bbdefault\u00bb header_text_align=\u00bbcenter\u00bb header_text_color=\u00bb#e1be6a\u00bb header_font_size=\u00bb35px\u00bb header_2_text_align=\u00bbcenter\u00bb header_2_text_color=\u00bb#e1be6a\u00bb header_3_text_align=\u00bbcenter\u00bb header_3_text_color=\u00bb#D5A93D\u00bb header_4_font_size=\u00bb20px\u00bb header_4_line_height=\u00bb1.4em\u00bb custom_margin=\u00bb||-13px|||\u00bb custom_padding=\u00bb||22px|||\u00bb global_colors_info=\u00bb{}\u00bb]<\/p>\n<h2>para art\u00edculos en la tienda CreArte Studio<\/h2>\n<p>[\/et_pb_text][et_pb_text _builder_version=\u00bb4.22.2&#8243; _module_preset=\u00bbdefault\u00bb custom_padding=\u00bb29px|||||\u00bb global_colors_info=\u00bb{}\u00bb]<\/p>\n<p>Actualmente, la tienda CreArte Studio s\u00f3lo ofrece productos digitales. Los productos descargables directamente de esta tienda se entregar\u00e1n al cliente por correo electr\u00f3nico en un plazo m\u00e1ximo de 24 horas. Los productos digitales personalizados por CreArte Studio a petici\u00f3n del cliente se entregar\u00e1n por correo electr\u00f3nico a una hora determinada en consulta con el cliente.<\/p>\n<p>[\/et_pb_text][\/et_pb_column][\/et_pb_row][\/et_pb_section][et_pb_section fb_built=\u00bb1&#8243; custom_padding_last_edited=\u00bbon|phone\u00bb _builder_version=\u00bb4.22.0&#8243; _module_preset=\u00bbdefault\u00bb use_background_color_gradient=\u00bbon\u00bb background_color_gradient_stops=\u00bbrgba(10,9,9,0.51) 0%|rgba(10,9,9,0.47) 100%\u00bb background_color_gradient_overlays_image=\u00bbon\u00bb background_image=\u00bbhttps:\/\/crearte.studio\/wp-content\/uploads\/2022\/11\/Untitled-design.png\u00bb parallax=\u00bbon\u00bb custom_padding=\u00bb3%|0px|3%|0px|true|false\u00bb custom_padding_tablet=\u00bb3%|0px|3%|0px|true|false\u00bb custom_padding_phone=\u00bb15%||15%||false|false\u00bb global_colors_info=\u00bb{}\u00bb][et_pb_row column_structure=\u00bb1_5,3_5,1_5&#8243; custom_padding_last_edited=\u00bbon|phone\u00bb admin_label=\u00bb\u00c1rea de opci\u00f3n a email\u00bb _builder_version=\u00bb4.22.0&#8243; custom_margin=\u00bb||||false|false\u00bb custom_margin_tablet=\u00bb\u00bb custom_margin_phone=\u00bb||||false|false\u00bb custom_margin_last_edited=\u00bbon|phone\u00bb custom_padding=\u00bb0px||0px|\u00bb custom_padding_tablet=\u00bb\u00bb custom_padding_phone=\u00bb0%||0%||true|false\u00bb locked=\u00bboff\u00bb global_colors_info=\u00bb{}\u00bb][et_pb_column type=\u00bb1_5&#8243; _builder_version=\u00bb4.16&#8243; custom_padding=\u00bb|||\u00bb global_colors_info=\u00bb{}\u00bb custom_padding__hover=\u00bb|||\u00bb][\/et_pb_column][et_pb_column type=\u00bb3_5&#8243; _builder_version=\u00bb4.16&#8243; custom_padding=\u00bb|||\u00bb global_colors_info=\u00bb{}\u00bb custom_padding__hover=\u00bb|||\u00bb][et_pb_text _builder_version=\u00bb4.21.0&#8243; _module_preset=\u00bbdefault\u00bb text_text_color=\u00bb#ffffff\u00bb header_text_color=\u00bb#252323&#8243; header_2_text_color=\u00bb#252323&#8243; header_3_text_color=\u00bb#ffffff\u00bb header_4_text_color=\u00bb#E1BE6A\u00bb header_4_font_size=\u00bb29px\u00bb custom_margin=\u00bb|-63px||-63px||true\u00bb custom_margin_tablet=\u00bb|-63px||-63px||true\u00bb custom_margin_phone=\u00bb|0px||0px|false|true\u00bb custom_margin_last_edited=\u00bbon|phone\u00bb custom_padding=\u00bb5%||||false|false\u00bb header_font_size_tablet=\u00bb\u00bb header_font_size_phone=\u00bb25px\u00bb header_font_size_last_edited=\u00bbon|phone\u00bb header_2_font_size_tablet=\u00bb\u00bb header_2_font_size_phone=\u00bb23px\u00bb header_2_font_size_last_edited=\u00bbon|phone\u00bb locked=\u00bboff\u00bb global_colors_info=\u00bb{}\u00bb]<\/p>\n<h4 style=\"text-align: center;\">\u00a1Nos encantar\u00eda conocer tus ideas y crearlas juntos!<\/h4>\n<h3 style=\"text-align: center;\"><\/h3>\n<h3 style=\"text-align: center;\"><\/h3>\n<h4 style=\"text-align: center;\">Contacta con nosotros<\/h4>\n<p>[\/et_pb_text][et_pb_blurb title=\u00bbHaga clic aqu\u00ed para enviarnos un correo electr\u00f3nico\u00bb url=\u00bbmailto:natalie@crearte.studio\u00bb url_new_window=\u00bbon\u00bb use_icon=\u00bbon\u00bb font_icon=\u00bb&#xe076;||divi||400&#8243; icon_color=\u00bb#BF368F\u00bb image_icon_background_color=\u00bb#ffffff\u00bb image_icon_width=\u00bb48px\u00bb admin_label=\u00bbBlurb\u00bb _builder_version=\u00bb4.21.0&#8243; background_size=\u00bbinitial\u00bb background_position=\u00bbtop_left\u00bb background_repeat=\u00bbrepeat\u00bb image_icon_custom_padding=\u00bb25px|25px|25px|25px|false|false\u00bb text_orientation=\u00bbcenter\u00bb background_layout=\u00bbdark\u00bb custom_padding_tablet=\u00bb\u00bb custom_padding_phone=\u00bb||5%||false|false\u00bb custom_padding_last_edited=\u00bbon|phone\u00bb border_radii_image=\u00bbon|100%|100%|100%|100%\u00bb use_border_color=\u00bboff\u00bb border_color=\u00bb#ffffff\u00bb border_width=\u00bb1px\u00bb border_style=\u00bbsolid\u00bb use_circle=\u00bbon\u00bb circle_color=\u00bb#ffffff\u00bb locked=\u00bboff\u00bb global_colors_info=\u00bb{}\u00bb image_icon_background_color__sticky_enabled=\u00bb#e1be6a\u00bb image_icon_background_color__sticky=\u00bb#e1be6a\u00bb][\/et_pb_blurb][\/et_pb_column][et_pb_column type=\u00bb1_5&#8243; _builder_version=\u00bb4.16&#8243; custom_padding=\u00bb|||\u00bb global_colors_info=\u00bb{}\u00bb custom_padding__hover=\u00bb|||\u00bb][\/et_pb_column][\/et_pb_row][\/et_pb_section][et_pb_section fb_built=\u00bb1&#8243; _builder_version=\u00bb4.21.0&#8243; _module_preset=\u00bbdefault\u00bb background_color=\u00bb#FFFFFF\u00bb custom_padding=\u00bb44px|||||\u00bb global_module=\u00bb25540&#8243; saved_tabs=\u00bball\u00bb global_colors_info=\u00bb{}\u00bb][et_pb_row _builder_version=\u00bb4.16&#8243; _module_preset=\u00bbdefault\u00bb global_colors_info=\u00bb{}\u00bb][et_pb_column type=\u00bb4_4&#8243; _builder_version=\u00bb4.16&#8243; _module_preset=\u00bbdefault\u00bb global_colors_info=\u00bb{}\u00bb][et_pb_image src=\u00bbhttps:\/\/crearte.studio\/wp-content\/uploads\/2023\/05\/Crearte_Studio_logo_final_light_gold_transp-02-02.png\u00bb title_text=\u00bbCrearte_Studio_logo_final_light_gold_transp-02-02&#8243; align=\u00bbcenter\u00bb _builder_version=\u00bb4.21.0&#8243; _module_preset=\u00bbdefault\u00bb width=\u00bb49%\u00bb width_tablet=\u00bb87%\u00bb width_phone=\u00bb80%\u00bb width_last_edited=\u00bbon|phone\u00bb custom_margin=\u00bb||5px|||\u00bb custom_padding=\u00bb0px|||||\u00bb global_colors_info=\u00bb{}\u00bb][\/et_pb_image][et_pb_text _builder_version=\u00bb4.22.0&#8243; _module_preset=\u00bbdefault\u00bb text_font=\u00bbLato|300|||||||\u00bb text_text_color=\u00bb#d5a93d\u00bb text_font_size=\u00bb26px\u00bb text_orientation=\u00bbcenter\u00bb text_font_size_tablet=\u00bb\u00bb text_font_size_phone=\u00bb14px\u00bb text_font_size_last_edited=\u00bbon|phone\u00bb global_colors_info=\u00bb{}\u00bb]<\/p>\n<p>Dise\u00f1o web \u2022 Marketing en l\u00ednea \u2022 Consultor\u00eda<\/p>\n<p>[\/et_pb_text][\/et_pb_column][\/et_pb_row][\/et_pb_section]<\/p>\n","protected":false},"excerpt":{"rendered":"<p>pol\u00edtica de env\u00edospara art\u00edculos en la tienda CreArte StudioActualmente, la tienda CreArte Studio s\u00f3lo ofrece productos digitales. Los productos descargables directamente de esta tienda se entregar\u00e1n al cliente por correo electr\u00f3nico en un plazo m\u00e1ximo de 24 horas. Los productos digitales personalizados por CreArte Studio a petici\u00f3n del cliente se entregar\u00e1n por correo electr\u00f3nico a una hora determinada en consulta con el cliente.\u00a1Nos encantar\u00eda conocer tus ideas y crearlas juntos! Contacta con nosotrosDise\u00f1o web \u2022 Marketing en l\u00ednea \u2022 Consultor\u00eda<\/p>\n","protected":false},"author":3,"featured_media":0,"parent":0,"menu_order":0,"comment_status":"closed","ping_status":"closed","template":"","meta":{"_acf_changed":false,"_et_pb_use_builder":"on","_et_pb_old_content":"","_et_gb_content_width":"","footnotes":""},"class_list":["post-31210","page","type-page","status-publish","hentry"],"acf":[],"_links":{"self":[{"href":"https:\/\/crearte.studio\/es\/wp-json\/wp\/v2\/pages\/31210","targetHints":{"allow":["GET"]}}],"collection":[{"href":"https:\/\/crearte.studio\/es\/wp-json\/wp\/v2\/pages"}],"about":[{"href":"https:\/\/crearte.studio\/es\/wp-json\/wp\/v2\/types\/page"}],"author":[{"embeddable":true,"href":"https:\/\/crearte.studio\/es\/wp-json\/wp\/v2\/users\/3"}],"replies":[{"embeddable":true,"href":"https:\/\/crearte.studio\/es\/wp-json\/wp\/v2\/comments?post=31210"}],"version-history":[{"count":0,"href":"https:\/\/crearte.studio\/es\/wp-json\/wp\/v2\/pages\/31210\/revisions"}],"wp:attachment":[{"href":"https:\/\/crearte.studio\/es\/wp-json\/wp\/v2\/media?parent=31210"}],"curies":[{"name":"wp","href":"https:\/\/api.w.org\/{rel}","templated":true}]}}